{"id":775,"date":"2016-04-08T14:11:38","date_gmt":"2016-04-08T14:11:38","guid":{"rendered":"https:\/\/eoscamaras.com.br\/?page_id=775"},"modified":"2016-04-08T14:11:38","modified_gmt":"2016-04-08T14:11:38","slug":"balanca","status":"publish","type":"page","link":"https:\/\/eos.com.br\/suaempresa\/ferramentas\/para-refrigeracao\/balanca\/","title":{"rendered":"Balan\u00e7a"},"content":{"rendered":"<div class=\"ferramentasList\" style=\"display:inline-block\">\n<div class=\"size1\">\n<h4>BALAN\u00c7A DIGITAL 90KG PROGRAM\u00c1VEL C\/ALARME C\/SOLENOIDE<\/h4>\n<p>           <img src=\"https:\/\/eos.com.br\/suaempresa\/wp-content\/themes\/EOS\/img\/ferramentas\/BALANCA_DIGITAL_90KG_PROGRAMAVEL_COM_ALARME_COM_SOLENOIDE.jpg\" \/>\n        <\/div>\n<div class=\"size1\">\n<h4>BALAN\u00c7A DIGITAL EOS PREMIUM 100KG PROGRAM\u00c1VEL C\/ALARME C\/SOLENOIDE<\/h4>\n<p>           <img src=\"https:\/\/eos.com.br\/suaempresa\/wp-content\/themes\/EOS\/img\/ferramentas\/BALANCA_DIGITAL_EOS_PREMIUM_100KG_PROGRAMAVEL_COM_ALARME_COM_SOLENOIDE.jpg\" \/>\n        <\/div>\n<div class=\"size1 last\">\n<h4>BALAN\u00c7A DIGITAL EOS PREMIUM 50KG PROGRAM\u00c1VEL C\/ALARME C\/SOLENOIDE<\/h4>\n<p>           <img src=\"https:\/\/eos.com.br\/suaempresa\/wp-content\/themes\/EOS\/img\/ferramentas\/BALANCA_DIGITAL_EOS_PREMIUM_50KG_PROGRAMAVEL_COM_ALARME_COM_SOLENOIDE.jpg\" \/>\n        <\/div>\n<div class=\"size1\">\n<h4>BALAN\u00c7A DIGITAL N\u00c3O PROGRAM\u00c1VEL AT\u00c9 100KG<\/h4>\n<p>           <img src=\"https:\/\/eos.com.br\/suaempresa\/wp-content\/themes\/EOS\/img\/ferramentas\/BALANCA_DIGITAL_NAO_PROGRAMAVEL_ATE-_100KG.jpg\" \/>\n        <\/div>\n<\/div>\n","protected":false},"excerpt":{"rendered":"<p>BALAN\u00c7A DIGITAL 90KG PROGRAM\u00c1VEL C\/ALARME C\/SOLENOIDE BALAN\u00c7A DIGITAL EOS PREMIUM 100KG PROGRAM\u00c1VEL C\/ALARME C\/SOLENOIDE BALAN\u00c7A DIGITAL EOS PREMIUM 50KG PROGRAM\u00c1VEL C\/ALARME C\/SOLENOIDE BALAN\u00c7A DIGITAL N\u00c3O PROGRAM\u00c1VEL AT\u00c9 100KG<\/p>\n","protected":false},"author":1,"featured_media":0,"parent":325,"menu_order":0,"comment_status":"closed","ping_status":"open","template":"","meta":[],"_links":{"self":[{"href":"https:\/\/eos.com.br\/suaempresa\/wp-json\/wp\/v2\/pages\/775"}],"collection":[{"href":"https:\/\/eos.com.br\/suaempresa\/wp-json\/wp\/v2\/pages"}],"about":[{"href":"https:\/\/eos.com.br\/suaempresa\/wp-json\/wp\/v2\/types\/page"}],"author":[{"embeddable":true,"href":"https:\/\/eos.com.br\/suaempresa\/wp-json\/wp\/v2\/users\/1"}],"replies":[{"embeddable":true,"href":"https:\/\/eos.com.br\/suaempresa\/wp-json\/wp\/v2\/comments?post=775"}],"version-history":[{"count":0,"href":"https:\/\/eos.com.br\/suaempresa\/wp-json\/wp\/v2\/pages\/775\/revisions"}],"up":[{"embeddable":true,"href":"https:\/\/eos.com.br\/suaempresa\/wp-json\/wp\/v2\/pages\/325"}],"wp:attachment":[{"href":"https:\/\/eos.com.br\/suaempresa\/wp-json\/wp\/v2\/media?parent=775"}],"curies":[{"name":"wp","href":"https:\/\/api.w.org\/{rel}","templated":true}]}}