{"id":520,"date":"2015-09-23T13:56:01","date_gmt":"2015-09-23T13:56:01","guid":{"rendered":"https:\/\/eoscamaras.com.br\/?page_id=520"},"modified":"2016-02-23T20:45:50","modified_gmt":"2016-02-23T20:45:50","slug":"reciclagem","status":"publish","type":"page","link":"https:\/\/eos.com.br\/suaempresa\/gases-refrigerantes\/reciclagem\/","title":{"rendered":"reciclagem"},"content":{"rendered":"<h3 class=\"title\">Reciclagem<\/h3>\n<div class=\"internal\">\n<div class=\"size1\">\n<img src=\"https:\/\/eos.com.br\/suaempresa\/wp-content\/themes\/EOS\/img\/gases\/reciclagem1.jpg\">\n<\/div>\n<div class=\"sizeHalf last\">\n<h4>O que fazemos<\/h4>\n<ul>\n<li>&#8211; Venda de fluidos refrigerantes;<\/li>\n<li>&#8211; presta\u00e7\u00e3o de servi\u00e7os em substitui\u00e7\u00e3o dos fluidos ecol\u00f3gicos;<\/li>\n<li>&#8211; recupera\u00e7\u00e3o, reciclagem e regenera\u00e7\u00e3o de fluidos contaminados;<\/li>\n<li>&#8211; testes laboratoriais;<\/li>\n<li>&#8211; loca\u00e7\u00e3o de cilindros e tanques;<\/li>\n<li>&#8211; armazenagem e destina\u00e7\u00e3o de fluidos refrigerantes;<\/li>\n<li>&#8211; consultoria;<\/li>\n<li>&#8211; treinamento.<\/li>\n<\/ul>\n<\/div>\n<\/div>\n<div class=\"internal\">\n<div class=\"size2\">\n<h4>Benef\u00edcios<\/h4>\n<ul>\n<li>&#8211; Atender as legisla\u00e7\u00f5es e normas vigentes (resolu\u00e7\u00e3o CONAMA 267 e ISO 14000);<\/li>\n<li>&#8211; fornecer documenta\u00e7\u00e3o necess\u00e1ria conforme exig\u00eancias ambientais;<\/li>\n<li>&#8211; realizar avalia\u00e7\u00e3o preventiva da qualidade do fluido refrigerante no sistema de refrigera\u00e7\u00e3o e ar-condicionado;<\/li>\n<li>&#8211; preservar o meio para futuras gera\u00e7\u00f5es.<\/li>\n<\/ul>\n<\/div>\n<div class=\"size1 last\">\n<img src=\"https:\/\/eos.com.br\/suaempresa\/wp-content\/themes\/EOS\/img\/gases\/reciclagem2.jpg\">\n<\/div>\n<\/div>\n","protected":false},"excerpt":{"rendered":"<p>Reciclagem O que fazemos &#8211; Venda de fluidos refrigerantes; &#8211; presta\u00e7\u00e3o de servi\u00e7os em substitui\u00e7\u00e3o dos fluidos ecol\u00f3gicos; &#8211; recupera\u00e7\u00e3o, reciclagem e regenera\u00e7\u00e3o de fluidos contaminados; &#8211; testes laboratoriais; &#8211; loca\u00e7\u00e3o de cilindros e tanques; &#8211; armazenagem e destina\u00e7\u00e3o de fluidos refrigerantes; &#8211; consultoria; &#8211; treinamento. Benef\u00edcios &#8211; Atender as legisla\u00e7\u00f5es e normas vigentes (resolu\u00e7\u00e3o <a class=\"read-more\" href=\"https:\/\/eos.com.br\/suaempresa\/gases-refrigerantes\/reciclagem\/\">&#8230;read more<\/a><\/p>\n","protected":false},"author":1,"featured_media":0,"parent":30,"menu_order":0,"comment_status":"closed","ping_status":"open","template":"template-gases.php","meta":[],"_links":{"self":[{"href":"https:\/\/eos.com.br\/suaempresa\/wp-json\/wp\/v2\/pages\/520"}],"collection":[{"href":"https:\/\/eos.com.br\/suaempresa\/wp-json\/wp\/v2\/pages"}],"about":[{"href":"https:\/\/eos.com.br\/suaempresa\/wp-json\/wp\/v2\/types\/page"}],"author":[{"embeddable":true,"href":"https:\/\/eos.com.br\/suaempresa\/wp-json\/wp\/v2\/users\/1"}],"replies":[{"embeddable":true,"href":"https:\/\/eos.com.br\/suaempresa\/wp-json\/wp\/v2\/comments?post=520"}],"version-history":[{"count":0,"href":"https:\/\/eos.com.br\/suaempresa\/wp-json\/wp\/v2\/pages\/520\/revisions"}],"up":[{"embeddable":true,"href":"https:\/\/eos.com.br\/suaempresa\/wp-json\/wp\/v2\/pages\/30"}],"wp:attachment":[{"href":"https:\/\/eos.com.br\/suaempresa\/wp-json\/wp\/v2\/media?parent=520"}],"curies":[{"name":"wp","href":"https:\/\/api.w.org\/{rel}","templated":true}]}}