{"id":50,"date":"2015-08-18T19:16:50","date_gmt":"2015-08-18T19:16:50","guid":{"rendered":"https:\/\/eoscamaras.com.br\/?page_id=50"},"modified":"2016-08-08T14:54:58","modified_gmt":"2016-08-08T17:54:58","slug":"paineis-isolantes","status":"publish","type":"page","link":"https:\/\/eos.com.br\/suaempresa\/termoisolantes\/paineis-isolantes\/","title":{"rendered":"Pain\u00e9is Isolantes"},"content":{"rendered":"<h3 class=\"title\">Pain\u00e9is Isolantes<\/h3>\n<div class=\"internal\">\n<p>Os pain\u00e9is isolantes EOS s\u00e3o fabricados \u2013 em m\u00e1quina de lamina\u00e7\u00e3o cont\u00ednua \u2013 com revestimento em ambas as faces em a\u00e7o zincado pr\u00e9-pintado na cor branca RAL 9003 \u2013 acabamento liso ou filetado \u2013 interligados por um n\u00facleo isolante em EPS (poliestireno expandido), livre de CFC, com retardante \u00e0 chama, densidade classe 3F, conforme NBR 11948 (ABNT).<\/p>\n<ul>\n<li>&#8211; Revestimento em a\u00e7o zincado, pr\u00e9-pintado na cor branca RAL 9003, com acabamento liso ou filetado, encaixe tipo macho e f\u00eamea;<\/li>\n<li>&#8211; Encaixe do n\u00facleo isolante tipo &#8220;finger joint&#8221;, o que garante perfeita estanqueidade;<\/li>\n<li>&#8211; Largura padr\u00e3o de 1.140 mm e comprimento conforme necessidade do projeto, limitado ao transporte;<\/li>\n<li>&#8211; Espessuras padronizadas de 50, 75, 100, 125, 150 e 200 mm.<\/li>\n<\/ul>\n<\/div>\n<div class=\"internal\" style=\"display: table;\">\n<div class=\"size1\"><img src=\"https:\/\/eos.com.br\/suaempresa\/wp-content\/themes\/EOS\/img\/paineis.png\" alt=\"\" \/><\/div>\n<div class=\"size2 last\">\n<h4>Vantagens<\/h4>\n<ul>\n<li>&#8211; Flexibilidade do projeto\/layout;<\/li>\n<li>&#8211; Longa durabilidade;<\/li>\n<li>&#8211; Fechamento de grandes \u00e1reas com baixo custo;<\/li>\n<li>&#8211; Tecnologia avan\u00e7ada;<\/li>\n<li>&#8211; F\u00e1cil de montar;<\/li>\n<li>&#8211; Produto a pronta entrega.<\/li>\n<\/ul>\n<\/div>\n<\/div>\n<div class=\"internal\" style=\"display: table;\">\n<div><img style=\"margin-bottom: 30px; width: 300px; height: 208px; float: left;\" src=\"https:\/\/eos.com.br\/suaempresa\/wp-content\/themes\/EOS\/img\/paineis2.jpg\" alt=\"\" \/><img style=\"margin-bottom: 30px; width: 300px; height: 208px; float: left;\" src=\"https:\/\/eos.com.br\/suaempresa\/wp-content\/themes\/EOS\/img\/paineis3.jpg\" alt=\"\" \/><img style=\"margin-bottom: 30px; width: 300px; height: 208px; float: left;\" src=\"https:\/\/eos.com.br\/suaempresa\/wp-content\/themes\/EOS\/img\/paineis4.jpg\" alt=\"\" \/><\/div>\n<\/div>\n","protected":false},"excerpt":{"rendered":"<p>Pain\u00e9is Isolantes Os pain\u00e9is isolantes EOS s\u00e3o fabricados \u2013 em m\u00e1quina de lamina\u00e7\u00e3o cont\u00ednua \u2013 com revestimento em ambas as faces em a\u00e7o zincado pr\u00e9-pintado na cor branca RAL 9003 \u2013 acabamento liso ou filetado \u2013 interligados por um n\u00facleo isolante em EPS (poliestireno expandido), livre de CFC, com retardante \u00e0 chama, densidade classe 3F, <a class=\"read-more\" href=\"https:\/\/eos.com.br\/suaempresa\/termoisolantes\/paineis-isolantes\/\">&#8230;read more<\/a><\/p>\n","protected":false},"author":1,"featured_media":0,"parent":22,"menu_order":0,"comment_status":"closed","ping_status":"open","template":"template-termoisolantes.php","meta":[],"_links":{"self":[{"href":"https:\/\/eos.com.br\/suaempresa\/wp-json\/wp\/v2\/pages\/50"}],"collection":[{"href":"https:\/\/eos.com.br\/suaempresa\/wp-json\/wp\/v2\/pages"}],"about":[{"href":"https:\/\/eos.com.br\/suaempresa\/wp-json\/wp\/v2\/types\/page"}],"author":[{"embeddable":true,"href":"https:\/\/eos.com.br\/suaempresa\/wp-json\/wp\/v2\/users\/1"}],"replies":[{"embeddable":true,"href":"https:\/\/eos.com.br\/suaempresa\/wp-json\/wp\/v2\/comments?post=50"}],"version-history":[{"count":1,"href":"https:\/\/eos.com.br\/suaempresa\/wp-json\/wp\/v2\/pages\/50\/revisions"}],"predecessor-version":[{"id":1953,"href":"https:\/\/eos.com.br\/suaempresa\/wp-json\/wp\/v2\/pages\/50\/revisions\/1953"}],"up":[{"embeddable":true,"href":"https:\/\/eos.com.br\/suaempresa\/wp-json\/wp\/v2\/pages\/22"}],"wp:attachment":[{"href":"https:\/\/eos.com.br\/suaempresa\/wp-json\/wp\/v2\/media?parent=50"}],"curies":[{"name":"wp","href":"https:\/\/api.w.org\/{rel}","templated":true}]}}