{"id":47,"date":"2015-08-18T19:16:29","date_gmt":"2015-08-18T19:16:29","guid":{"rendered":"https:\/\/eoscamaras.com.br\/?page_id=47"},"modified":"2023-11-17T09:24:36","modified_gmt":"2023-11-17T12:24:36","slug":"portas-frigorificas","status":"publish","type":"page","link":"https:\/\/eos.com.br\/suaempresa\/termoisolantes\/portas-frigorificas\/","title":{"rendered":"Portas Frigor\u00edficas"},"content":{"rendered":"\n<h3 class=\"title\">Portas Frigor\u00edficas<\/h3>\n\n\n\n<ul><li><a href=\"#portas-giratorias\">portas girat\u00f3rias<\/a><\/li><li><a href=\"#portas-de-correr\">portas de correr<\/a><\/li><li><a href=\"#portas-painel\">portas painel<\/a><\/li><li><a href=\"#portas-vai-e-vem\">portas vai e vem<\/a><\/li><li><a href=\"#portas-ufficio\">portas de ufficio<\/a><\/li><li><a href=\"#portas-automaticas\">portas autom\u00e1ticas<\/a><\/li><li><a href=\"#portas-com-passagem-de-trilho\">portas de passagem de trilho<\/a><\/li><li><a href=\"#portas-de-logistica\">portas de log\u00edstica<\/a><\/li><\/ul>\n\n\n\n<div class=\"internal\">\n<div style=\"display: inline-block;\">\n<figure><img src=\"https:\/\/eos.com.br\/suaempresa\/wp-content\/themes\/EOS\/img\/portas-frigorificas.jpg\"><\/figure><div class=\"sizeHalf\"><\/div>\n<div class=\"sizeHalf last\">\n<h4>Inova\u00e7\u00e3o e Tecnologia com fabrica\u00e7\u00e3o pr\u00f3pria<\/h4>\n<p>Sempre buscando oferecer os melhores produtos, nossas portas frigor\u00edficas e demais componentes s\u00e3o desenvolvidos e produzidos em conformidade com os mais rigorosos padr\u00f5es internacionais &#8211; utilizando as mais modernas tecnologias e maquin\u00e1rio.<\/p>\n<p>&nbsp;<\/p>\n<\/div>\n<p>&nbsp;<\/p>\n<\/div>\n<figure><img src=\"https:\/\/eos.com.br\/suaempresa\/wp-content\/uploads\/2017\/03\/img-portas1732.png\" width=\"785px\"><\/figure><p><iframe loading=\"lazy\" style=\"position: absolute; margin: 6px;\" src=\"https:\/\/www.youtube.com\/embed\/LURbUnTztAE\" width=\"350\" height=\"197\" frameborder=\"0\" allowfullscreen=\"allowfullscreen\"><\/iframe><iframe loading=\"lazy\" style=\"position: absolute; margin: 6px; margin-top: 210px;\" src=\"https:\/\/www.youtube.com\/embed\/KEB8EsC-HjQ\" width=\"350\" height=\"197\" frameborder=\"0\" allowfullscreen=\"allowfullscreen\"><\/iframe><\/p>\n<\/div>\n\n\n\n<hr class=\"wp-block-separator\"\/>\n\n\n\n<h3 class=\"title\" id=\"portas-giratorias\">Portas Girat\u00f3rias<\/h3>\n\n\n\n<div class=\"internal portas\">\n<div class=\"sizeHalf\"><img style=\"margin-left: -10px; position: relative;\" src=\"https:\/\/eos.com.br\/suaempresa\/wp-content\/uploads\/2023\/11\/MG_5213.EOS_500-TR.png\"><br><a class=\"detalhes\" style=\"background-color: transparent; margin-top: -110px;\" href=\"https:\/\/eos.com.br\/suaempresa\/wp-content\/uploads\/2016\/08\/500-TR.pdf\" target=\"_blank\" rel=\"noopener\"><img src=\"https:\/\/eos.com.br\/suaempresa\/wp-content\/uploads\/2016\/07\/Bot\u00e3o _Bot\u00e3o.png\" alt=\"\" width=\"70\"><\/a>\n<p>&nbsp;<\/p>\n<h4>500-TR<\/h4>\n<p>Porta girat\u00f3ria para c\u00e2maras frigor\u00edficas de resfriados, fechadura externa com chave e dispositivo interno de seguran\u00e7a.<\/p>\n<p class=\"strong\">Espessura: 68mm<\/p>\n<p class=\"strong\">Temperatura: de 0\u00baC a 15\u00baC<\/p>\n<\/div>\n<div class=\"sizeHalf last\"><img style=\"margin-left: 20px; position: relative;\" src=\"https:\/\/eos.com.br\/suaempresa\/wp-content\/uploads\/2016\/07\/MG_5341.EOS_500_TC.png\" alt=\"\"><br><a class=\"detalhes\" style=\"background-color: transparent; margin-top: -110px;\" href=\"https:\/\/eos.com.br\/suaempresa\/wp-content\/uploads\/2016\/08\/500-TC.pdf\" target=\"_blank\" rel=\"noopener\"><img src=\"https:\/\/eos.com.br\/suaempresa\/wp-content\/uploads\/2016\/07\/Bot\u00e3o _Bot\u00e3o.png\" alt=\"\" width=\"70\"><\/a>\n<p>&nbsp;<\/p>\n<h4>500-TC<\/h4>\n<p>Porta girat\u00f3ria para c\u00e2maras frigor\u00edficas de congelados, com resist\u00eancia de aquecimento na folha, fechadura externa com chave e dispositivo interno de seguran\u00e7a.<\/p>\n<p class=\"strong\">Espessura: 92mm<\/p>\n<p class=\"strong\">Temperatura: -18\u00baC<\/p>\n<\/div>\n<div class=\"sizeHalf\"><img style=\"margin-left: -10px; position: relative;\" src=\"https:\/\/eos.com.br\/suaempresa\/wp-content\/uploads\/2023\/11\/MG_8580_EOS_500_BT.png\"><br><a class=\"detalhes\" style=\"background-color: transparent; margin-top: -110px;\" href=\"https:\/\/eos.com.br\/suaempresa\/wp-content\/uploads\/2016\/08\/500-BT.pdf\" target=\"_blank\" rel=\"noopener\"><img src=\"https:\/\/eos.com.br\/suaempresa\/wp-content\/uploads\/2016\/07\/Bot\u00e3o _Bot\u00e3o.png\" alt=\"\" width=\"70\"><\/a>\n<p>&nbsp;<\/p>\n<h4>500-BT<\/h4>\n<p>Porta girat\u00f3ria para c\u00e2maras frigor\u00edficas de congelados at\u00e9 -25\u00baC, com resist\u00eancia de aquecimento no marco e na folha, fechadura externa com chave e dispositivo interno de seguran\u00e7a.<\/p>\n<p class=\"strong\">Espessura: 121mm<\/p>\n<p class=\"strong\">Temperatura: -25\u00baC<\/p>\n<\/div>\n<div class=\"sizeHalf last\"><img style=\"margin-left: 20px; position: relative; top: -10px;\" src=\"https:\/\/eos.com.br\/suaempresa\/wp-content\/themes\/EOS\/img\/portas\/porta-giratoria2.jpg\" alt=\"\"><br><a class=\"detalhes\" style=\"background-color: transparent; margin-top: -96px;\" href=\"https:\/\/eos.com.br\/suaempresa\/wp-content\/uploads\/2016\/08\/570-TR-REVERSE.pdf\" target=\"_blank\" rel=\"noopener\"><img src=\"https:\/\/eos.com.br\/suaempresa\/wp-content\/uploads\/2016\/07\/Bot\u00e3o _Bot\u00e3o.png\" alt=\"\" width=\"70\"><\/a>\n<p>&nbsp;<\/p>\n<h4>570-TR Reverse<\/h4>\n<p>Porta girat\u00f3ria para c\u00e2maras frigor\u00edficas de resfriados, de f\u00e1cil montagem(acompanha kit de fixa\u00e7\u00e3o), revers\u00edvel,&nbsp;lado de abertura \u00e0 direita ou \u00e0 esquerda no mesmo modelo.<\/p>\n<p class=\"strong\">Espessura: 68mm<\/p>\n<p class=\"strong\">Temperatura: de 0\u00baC a 15\u00baC<\/p>\n<\/div>\n<\/div>\n\n\n\n<hr class=\"wp-block-separator\"\/>\n\n\n\n<h3 class=\"title\" id=\"portas-de-correr\">Portas de Correr<\/h3>\n\n\n\n<div class=\"internal portas\">\n<div class=\"sizeHalf\"><img style=\"margin-left: -10px; position: relative;\" src=\"https:\/\/eos.com.br\/suaempresa\/wp-content\/themes\/EOS\/img\/portas\/porta-de-correr1.png\"><br><a class=\"detalhes\" style=\"background-color: transparent; margin-top: -110px;\" href=\"https:\/\/eos.com.br\/suaempresa\/wp-content\/uploads\/2016\/08\/480-TR.pdf\" target=\"_blank\" rel=\"noopener\"><img style=\"margin-top: 35px !important;\" src=\"https:\/\/eos.com.br\/suaempresa\/wp-content\/uploads\/2016\/07\/Bot\u00e3o _Bot\u00e3o.png\" alt=\"\" width=\"70\"><\/a>\n<p>&nbsp;<\/p>\n<h4>480-TR<\/h4>\n<p>Porta de correr para c\u00e2maras frigor\u00ed\ufb01cas de resfriados. Equipada com sistema deslizante patenteado.<\/p>\n<p class=\"strong\">Espessura: 68mm<\/p>\n<p class=\"strong\">Temperatura: de 0\u00baC a 15\u00baC<\/p>\n<\/div>\n<div class=\"sizeHalf last\"><img style=\"margin-left: 20px; position: relative;\" src=\"https:\/\/eos.com.br\/suaempresa\/wp-content\/themes\/EOS\/img\/portas\/porta-de-correr2.png\" alt=\"\"><br><a class=\"detalhes\" style=\"background-color: transparent; margin-top: -110px;\" href=\"https:\/\/eos.com.br\/suaempresa\/wp-content\/uploads\/2016\/08\/480-TC.pdf\" target=\"_blank\" rel=\"noopener\"><img style=\"margin-top: 35px !important;\" src=\"https:\/\/eos.com.br\/suaempresa\/wp-content\/uploads\/2016\/07\/Bot\u00e3o _Bot\u00e3o.png\" alt=\"\" width=\"70\"><\/a>\n<p>&nbsp;<\/p>\n<h4>480-TC<\/h4>\n<p>Porta de correr para c\u00e2maras de congelados, com resist\u00eancia de aquecimento na folha. Equipada com sistema deslizante patenteado.<\/p>\n<p class=\"strong\">Espessura: 92mm<\/p>\n<p class=\"strong\">Temperatura: -18\u00baC<\/p>\n<\/div>\n<div class=\"sizeHalf\"><img style=\"margin-left: -10px; position: relative;\" src=\"https:\/\/eos.com.br\/suaempresa\/wp-content\/themes\/EOS\/img\/portas\/porta-de-correr3.png\"><br><a class=\"detalhes\" style=\"background-color: transparent; margin-top: -110px;\" href=\"https:\/\/eos.com.br\/suaempresa\/wp-content\/uploads\/2016\/08\/480-BT.pdf\" target=\"_blank\" rel=\"noopener\"><img style=\"margin-top: 35px !important;\" src=\"https:\/\/eos.com.br\/suaempresa\/wp-content\/uploads\/2016\/07\/Bot\u00e3o _Bot\u00e3o.png\" alt=\"\" width=\"70\"><\/a>\n<p>&nbsp;<\/p>\n<h4>480-BT<\/h4>\n<p>Porta de correr para c\u00e2maras de congelados at\u00e9 -25\u00baC, com resist\u00eancia de aquecimento no marco e na folha. Equipado com sistema deslizante patenteado.<\/p>\n<p class=\"strong\">Espessura: 121mm<\/p>\n<p class=\"strong\">Temperatura: -25\u00baC<\/p>\n<\/div>\n<\/div>\n\n\n\n<hr class=\"wp-block-separator\"\/>\n\n\n\n<h3 class=\"title\" id=\"portas-painel\">Portas Painel<\/h3>\n\n\n\n<div class=\"internal portas\">\n<div class=\"sizeHalf\"><img style=\"margin-left: -10px; position: relative;\" src=\"https:\/\/eos.com.br\/suaempresa\/wp-content\/themes\/EOS\/img\/portas\/porta-painel1.jpg\"><br><a class=\"detalhes\" style=\"background-color: transparent; margin-top: -110px;\" href=\"https:\/\/eos.com.br\/suaempresa\/wp-content\/uploads\/2016\/08\/350-TR.pdf\" target=\"_blank\" rel=\"noopener\"><img style=\"margin-top: 35px !important;\" src=\"https:\/\/eos.com.br\/suaempresa\/wp-content\/uploads\/2016\/07\/Bot\u00e3o _Bot\u00e3o.png\" alt=\"\" width=\"70\"><\/a>\n<p>&nbsp;<\/p>\n<h4>350-TR<\/h4>\n<p>Porta girat\u00f3ria para c\u00e2mara frigor\u00edfica de temperatura positiva, montada sobre painel isolante. Aplica\u00e7\u00e3o: c\u00e2maras moduladas.<\/p>\n<p class=\"strong\">Espessura: 68mm<\/p>\n<p class=\"strong\">Temperatura: de 0\u00baC a 15\u00baC<\/p>\n<\/div>\n<div class=\"sizeHalf last\"><img style=\"margin-left: 20px; position: relative;\" src=\"https:\/\/eos.com.br\/suaempresa\/wp-content\/themes\/EOS\/img\/portas\/porta-painel2.jpg\" alt=\"\"><br><a class=\"detalhes\" style=\"background-color: transparent; margin-top: -110px;\" href=\"https:\/\/eos.com.br\/suaempresa\/wp-content\/uploads\/2016\/08\/350-TC.pdf\" target=\"_blank\" rel=\"noopener\"><img style=\"margin-top: 35px !important;\" src=\"https:\/\/eos.com.br\/suaempresa\/wp-content\/uploads\/2016\/07\/Bot\u00e3o _Bot\u00e3o.png\" alt=\"\" width=\"70\"><\/a>\n<p>&nbsp;<\/p>\n<h4>350-TC<\/h4>\n<p>Porta girat\u00f3ria para c\u00e2mara frigor\u00edfica de congelados, com resist\u00eancia de aquecimento na folha, montada sobre painel isolante. Aplica\u00e7\u00e3o: c\u00e2maras moduladas.<\/p>\n<p class=\"strong\">Espessura: 92mm<\/p>\n<p class=\"strong\">Temperatura: -18\u00baC<\/p>\n<\/div>\n<div class=\"sizeHalf\"><img style=\"margin-left: -10px; position: relative;\" src=\"https:\/\/eos.com.br\/suaempresa\/wp-content\/themes\/EOS\/img\/portas\/porta-painel2.jpg\"><br><a class=\"detalhes\" style=\"background-color: transparent; margin-top: -110px;\" href=\"https:\/\/eos.com.br\/suaempresa\/wp-content\/uploads\/2016\/08\/350-BT.pdf\" target=\"_blank\" rel=\"noopener\"><img style=\"margin-top: 35px !important;\" src=\"https:\/\/eos.com.br\/suaempresa\/wp-content\/uploads\/2016\/07\/Bot\u00e3o _Bot\u00e3o.png\" alt=\"\" width=\"70\"><\/a>\n<p>&nbsp;<\/p>\n<h4>350-BT<\/h4>\n<p>Porta girat\u00f3ria para c\u00e2mara frigor\u00edfica de congelados, com resist\u00eancia de aquecimento na folha, montada sobre painel isolante. Aplica\u00e7\u00e3o: c\u00e2maras moduladas.<\/p>\n<p class=\"strong\">Espessura: 92mm<\/p>\n<p class=\"strong\">Temperatura: -25\u00baC<\/p>\n<\/div>\n<\/div>\n\n\n\n<hr class=\"wp-block-separator\"\/>\n\n\n\n<h3 class=\"title\" id=\"portas-vai-e-vem\">Portas Vai e Vem<\/h3>\n\n\n\n<div class=\"internal portas\">\n<div class=\"sizeHalf\"><img style=\"margin-left: -10px; position: relative; \/* height: 300px;\" src=\"https:\/\/eos.com.br\/suaempresa\/wp-content\/uploads\/2023\/11\/porta-vai-e-vem.png\"><br><a class=\"detalhes\" style=\"background-color: transparent; margin-top: -70px;\" href=\"https:\/\/www.eos.com.br\/wp-content\/uploads\/2016\/08\/830-VV.pdf\" target=\"_blank\" rel=\"noopener\"><img src=\"https:\/\/www.eos.com.br\/wp-content\/uploads\/2016\/07\/Bot\u00e3o _Bot\u00e3o.png\" alt=\"\" width=\"70\"><\/a>\n<p>&nbsp;<\/p>\n<h4>830-VV<\/h4>\n<p>Porta bidirecional com n\u00facleo isolante em poliuretano. Desenhada para separar \u00e1reas de processamento com alto fluxo de pessoas e carrinhos.<\/p>\n<\/div>\n<\/div>\n\n\n\n<hr class=\"wp-block-separator\"\/>\n\n\n\n<h3 class=\"title\" id=\"portas-ufficio\">Portas Ufficio<\/h3>\n\n\n\n<div class=\"internal portas\">\n<div class=\"sizeHalf\"><img style=\"margin-left: -10px; position: relative;\" src=\"https:\/\/eos.com.br\/suaempresa\/wp-content\/themes\/EOS\/img\/portas\/porta-ufficio.png\"><br><a class=\"detalhes\" style=\"background-color: transparent; margin-top: -110px;\" href=\"https:\/\/eos.com.br\/suaempresa\/wp-content\/uploads\/2016\/08\/920-U.pdf\" target=\"_blank\" rel=\"noopener\"><img style=\"margin-top: 35px !important;\" src=\"https:\/\/eos.com.br\/suaempresa\/wp-content\/uploads\/2016\/07\/Bot\u00e3o _Bot\u00e3o.png\" alt=\"\" width=\"70\"><\/a>\n<p>&nbsp;<\/p>\n<h4>920-U<\/h4>\n<p>Porta girat\u00f3ria com n\u00facleo isolante em poliuretano, indicada para salas de laborat\u00f3rios e escrit\u00f3rios.<\/p>\n<\/div>\n<\/div>\n\n\n\n<hr class=\"wp-block-separator\"\/>\n\n\n\n<h3 class=\"title\" id=\"portas-automaticas\">Portas Autom\u00e1ticas<\/h3>\n\n\n\n<div class=\"internal portas\">\n<div class=\"sizeHalf\"><img style=\"margin-left: -10px; position: relative;\" src=\"https:\/\/eos.com.br\/suaempresa\/wp-content\/themes\/EOS\/img\/portas\/porta-automatica.jpg\"><br><a class=\"detalhes\" style=\"background-color: transparent; margin-top: -110px;\" href=\"https:\/\/eos.com.br\/suaempresa\/wp-content\/uploads\/2016\/08\/480-AP.pdf\" target=\"_blank\" rel=\"noopener\"><img src=\"https:\/\/eos.com.br\/suaempresa\/wp-content\/uploads\/2016\/07\/Bot\u00e3o _Bot\u00e3o.png\" alt=\"\" width=\"70\"><\/a><br><!--\n\n<h4>Automa\u00e7\u00e3o PLCL\/PCE<\/h4>\n\n-->\n<p>&nbsp;<\/p>\n<h4>480-AP<\/h4>\n<p>Automatismo dispon\u00edvel para as portas modelos TR, TC, BT, com dimens\u00f5es iguais ou maiores que 1.400&#215;2.000 mm, para folhas at\u00e9 320 kg de peso.<\/p>\n<\/div>\n<hr>\n<h3 id=\"portas-com-passagem-de-trilho\" class=\"title\">Portas com Passagem de Trilho<\/h3>\n<div class=\"internal portas\">\n<div class=\"sizeHalf\"><img style=\"margin-left: -10px; position: relative;\" src=\"https:\/\/eos.com.br\/suaempresa\/wp-content\/themes\/EOS\/img\/portas\/porta-de-passagem-de-trilho1.png\"><br><a class=\"detalhes\" style=\"background-color: transparent; margin-top: -110px;\" href=\"https:\/\/eos.com.br\/suaempresa\/wp-content\/uploads\/2016\/08\/GV5.pdf\" target=\"_blank\" rel=\"noopener\"><img style=\"margin-top: 33px !important;\" src=\"https:\/\/eos.com.br\/suaempresa\/wp-content\/uploads\/2016\/07\/Bot\u00e3o _Bot\u00e3o.png\" alt=\"\" width=\"70\"><\/a>\n<p>&nbsp;<\/p>\n<h4>GV5-TR<\/h4>\n<p>Porta girat\u00f3ria com passagem de trilho GV5, com ferragens de fechamento cromadas.<\/p>\n<p class=\"strong\">Espessura: 68mm<\/p>\n<p class=\"strong\">Temperatura: de 0\u00baC a 15\u00baC<\/p>\n<\/div>\n<div class=\"sizeHalf last\"><img style=\"margin-left: 20px; position: relative;\" src=\"https:\/\/eos.com.br\/suaempresa\/wp-content\/themes\/EOS\/img\/portas\/porta-de-passagem-de-trilho2.png\" alt=\"\"><br><a class=\"detalhes\" style=\"background-color: transparent; margin-top: -110px;\" href=\"https:\/\/eos.com.br\/suaempresa\/wp-content\/uploads\/2016\/08\/GV450.pdf\" target=\"_blank\" rel=\"noopener\"><img style=\"margin-top: 33px !important;\" src=\"https:\/\/eos.com.br\/suaempresa\/wp-content\/uploads\/2016\/07\/Bot\u00e3o _Bot\u00e3o.png\" alt=\"\" width=\"70\"><\/a>\n<p>&nbsp;<\/p>\n<h4>GV450-TR<\/h4>\n<p>Porta de correr com passagem de trilho modelo GV450. Equipada com sistema de deslizamento patenteado.<\/p>\n<p class=\"strong\">Espessura: 68mm<\/p>\n<p class=\"strong\">Temperatura: de 0\u00baC a 15\u00baC<\/p>\n<\/div>\n<\/div>\n<hr>\n<h3 id=\"portas-de-logistica\" class=\"title\">Portas de Log\u00edstica<\/h3>\n<div class=\"internal portas\">\n<div class=\"sizeHalf\"><img src=\"https:\/\/eos.com.br\/suaempresa\/wp-content\/themes\/EOS\/img\/portas\/sistema-de-lojistica-porta-seccional.png\">\n<p>&nbsp;<\/p>\n<h4>Porta Seccional<\/h4>\n<\/div>\n<div class=\"sizeHalf last\" style=\"margin-bottom: 40px;\"><img src=\"https:\/\/eos.com.br\/suaempresa\/wp-content\/themes\/EOS\/img\/portas\/sistema-de-lojistica-abrigo-de-docas.png\">\n<p>&nbsp;<\/p>\n<h4>Abrigo de docas<\/h4>\n<\/div>\n<div class=\"sizeHalf\"><img src=\"https:\/\/eos.com.br\/suaempresa\/wp-content\/themes\/EOS\/img\/portas\/sistema-de-lojistica-nivelador-de-docas.png\">\n<p>&nbsp;<\/p>\n<h4>Nivelador de docas<\/h4>\n<\/div>\n<\/div>\n<\/div>\n","protected":false},"excerpt":{"rendered":"<p>Portas Frigor\u00edficas portas girat\u00f3rias portas de correr portas painel portas vai e vem portas de ufficio portas autom\u00e1ticas portas de passagem de trilho portas de log\u00edstica Inova\u00e7\u00e3o e Tecnologia com fabrica\u00e7\u00e3o pr\u00f3pria Sempre buscando oferecer os melhores produtos, nossas portas frigor\u00edficas e demais componentes s\u00e3o desenvolvidos e produzidos em conformidade com os mais rigorosos padr\u00f5es <a class=\"read-more\" href=\"https:\/\/eos.com.br\/suaempresa\/termoisolantes\/portas-frigorificas\/\">&#8230;read more<\/a><\/p>\n","protected":false},"author":1,"featured_media":0,"parent":22,"menu_order":0,"comment_status":"closed","ping_status":"open","template":"template-termoisolantes.php","meta":[],"_links":{"self":[{"href":"https:\/\/eos.com.br\/suaempresa\/wp-json\/wp\/v2\/pages\/47"}],"collection":[{"href":"https:\/\/eos.com.br\/suaempresa\/wp-json\/wp\/v2\/pages"}],"about":[{"href":"https:\/\/eos.com.br\/suaempresa\/wp-json\/wp\/v2\/types\/page"}],"author":[{"embeddable":true,"href":"https:\/\/eos.com.br\/suaempresa\/wp-json\/wp\/v2\/users\/1"}],"replies":[{"embeddable":true,"href":"https:\/\/eos.com.br\/suaempresa\/wp-json\/wp\/v2\/comments?post=47"}],"version-history":[{"count":5,"href":"https:\/\/eos.com.br\/suaempresa\/wp-json\/wp\/v2\/pages\/47\/revisions"}],"predecessor-version":[{"id":2057,"href":"https:\/\/eos.com.br\/suaempresa\/wp-json\/wp\/v2\/pages\/47\/revisions\/2057"}],"up":[{"embeddable":true,"href":"https:\/\/eos.com.br\/suaempresa\/wp-json\/wp\/v2\/pages\/22"}],"wp:attachment":[{"href":"https:\/\/eos.com.br\/suaempresa\/wp-json\/wp\/v2\/media?parent=47"}],"curies":[{"name":"wp","href":"https:\/\/api.w.org\/{rel}","templated":true}]}}