{"id":34,"date":"2015-08-12T14:52:21","date_gmt":"2015-08-12T14:52:21","guid":{"rendered":"https:\/\/eoscamaras.com.br\/?page_id=34"},"modified":"2016-04-20T18:13:21","modified_gmt":"2016-04-20T18:13:21","slug":"missao","status":"publish","type":"page","link":"https:\/\/eos.com.br\/suaempresa\/missao\/","title":{"rendered":"Miss\u00e3o"},"content":{"rendered":"<p><big>Desenvolver, produzir produtos e solu\u00e7\u00f5es para refrigera\u00e7\u00e3o e ar-condicionado com qualidade, superando as expectativas dos clientes, garantindo a cria\u00e7\u00e3o de valor e a sustentabilidade do neg\u00f3cio.<\/big><br \/>\n <\/p>\n<h4>Vis\u00e3o EOS<\/h4>\n<p><big>Ser l\u00edder em inova\u00e7\u00e3o nos produtos para refrigera\u00e7\u00e3o e ar-condicionado.<\/big><br \/>\n  <\/p>\n<h4>Valores EOS<\/h4>\n<p><big>\u00c9tica, Parceria e Integridade.<\/big><\/p>\n","protected":false},"excerpt":{"rendered":"<p>Desenvolver, produzir produtos e solu\u00e7\u00f5es para refrigera\u00e7\u00e3o e ar-condicionado com qualidade, superando as expectativas dos clientes, garantindo a cria\u00e7\u00e3o de valor e a sustentabilidade do neg\u00f3cio. Vis\u00e3o EOS Ser l\u00edder em inova\u00e7\u00e3o nos produtos para refrigera\u00e7\u00e3o e ar-condicionado. Valores EOS \u00c9tica, Parceria e Integridade.<\/p>\n","protected":false},"author":1,"featured_media":0,"parent":0,"menu_order":0,"comment_status":"closed","ping_status":"open","template":"","meta":[],"_links":{"self":[{"href":"https:\/\/eos.com.br\/suaempresa\/wp-json\/wp\/v2\/pages\/34"}],"collection":[{"href":"https:\/\/eos.com.br\/suaempresa\/wp-json\/wp\/v2\/pages"}],"about":[{"href":"https:\/\/eos.com.br\/suaempresa\/wp-json\/wp\/v2\/types\/page"}],"author":[{"embeddable":true,"href":"https:\/\/eos.com.br\/suaempresa\/wp-json\/wp\/v2\/users\/1"}],"replies":[{"embeddable":true,"href":"https:\/\/eos.com.br\/suaempresa\/wp-json\/wp\/v2\/comments?post=34"}],"version-history":[{"count":0,"href":"https:\/\/eos.com.br\/suaempresa\/wp-json\/wp\/v2\/pages\/34\/revisions"}],"wp:attachment":[{"href":"https:\/\/eos.com.br\/suaempresa\/wp-json\/wp\/v2\/media?parent=34"}],"curies":[{"name":"wp","href":"https:\/\/api.w.org\/{rel}","templated":true}]}}