{"id":30,"date":"2015-08-12T13:48:31","date_gmt":"2015-08-12T13:48:31","guid":{"rendered":"https:\/\/eoscamaras.com.br\/?page_id=30"},"modified":"2017-03-07T09:37:19","modified_gmt":"2017-03-07T12:37:19","slug":"gases-refrigerantes","status":"publish","type":"page","link":"https:\/\/eos.com.br\/suaempresa\/gases-refrigerantes\/","title":{"rendered":"Gases Refrigerantes"},"content":{"rendered":"<div class=\"size2\">\n<h3>gases <a href=\"hcf\"><span>HFC <\/span><\/a> e <a href=\"hcfc\"><span>HCFC<\/a><\/span><\/h3>\n<div class=\"left hideMobile\"><\/div>\n<p>Criada no in\u00edcio dos anos 2000, a linha de Gases Refrigerantes EOS, oferece produtos de alta qualidade, excelente rendimento e pre\u00e7o acess\u00edvel ao mercado brasileiro de refrigera\u00e7\u00e3o e ar-condicionado.<br \/>\n&nbsp;<br \/>\nOs Gases EOS s\u00e3o importados e recebem criteriosa an\u00e1lise em nosso laborat\u00f3rio, conferindo-lhes certifica\u00e7\u00e3o de acordo com padr\u00f5es internacionais de controle de seguran\u00e7a, por isso, v\u00eam conquistando espa\u00e7o, e est\u00e3o cada vez mais presentes no dia-a-dia dos profissionais.<br \/>\n&nbsp;<br \/>\nVoc\u00ea encontra os Gases Refrigerantes EOS em todo o Brasil.<br \/>\n&nbsp;<\/p>\n<hr>\n<div>\n<h4 style=\"margin-top: 0;\">O que Fazemos:<\/h4>\n<p>&#8211; Venda de fluidos refrigerantes;<br \/>\n&#8211; Presta\u00e7\u00e3o de servi\u00e7os em substitui\u00e7\u00e3o dos fluidos ecol\u00f3gicos;<br \/>\n&#8211; <a href=\"reciclagem\" style=\"text-decoration:underline\">Recupera\u00e7\u00e3o, reciclagem e regenera\u00e7\u00e3o de fluidos contaminados;<\/a><br \/>\n&#8211; Testes laboratoriais;<br \/>\n&#8211; Loca\u00e7\u00e3o de cilindros e tanques;<br \/>\n&#8211; Armazenagem e destina\u00e7\u00e3o de fluidos refrigerantes;<br \/>\n&#8211; Consultoria;<br \/>\n&#8211; Treinamento.<\/p>\n<h4 >Benef\u00edcios:<\/h4>\n<p>&#8211; Atender as legisla\u00e7\u00f5es e normas vigentes (resolu\u00e7\u00e3o CONAMA 267 e ISO 14000);<br \/>\n&#8211; Fornecer documenta\u00e7\u00e3o necess\u00e1ria conforme exig\u00eancias ambientais;<br \/>\n&#8211; Realizar avalia\u00e7\u00e3o preventiva da qualidade do fluido refrigerante no sistema de refrigera\u00e7\u00e3o e ar-condicionado;<br \/>\n&#8211; Preservar o meio para futuras gera\u00e7\u00f5es.<\/p>\n<hr>\n<p style=\"font-size:17px;\">Para saber onde comprar os Gases Refrigerantes <a style=\"font-weight:bold\" class=\"\" href=\"onde-comprar\">clique aqui <\/a>, ou entre em <a href=\"https:\/\/www.eos.com.br\/fale-conosco-gases-refrigerantes\/\" style=\"font-weight:bold\" >contato conosco.<\/a><\/p>\n<p><!--\n\n\n<h3><a  href=\"\" class=\"ico_file_pdf\" ><span>Manuais para download<\/span><\/a><\/h3>\n\n \n-->\n<\/div>\n<\/div>\n<div class=\"size1 last right\">\n<ul>\n<li><iframe loading=\"lazy\" width=\"100%\" height=\"213\" src=\"https:\/\/www.youtube.com\/embed\/2EIqsOsOxNI\" frameborder=\"0\" allowfullscreen><\/iframe><\/li>\n<li><iframe loading=\"lazy\" width=\"100%\" height=\"213\" src=\"https:\/\/www.youtube.com\/embed\/uyFb8svS1bA\" frameborder=\"0\" allowfullscreen><\/iframe><\/li>\n<li><a href=\"https:\/\/www.eoscamaras.com.br\/wp-content\/themes\/EOS\/img\/gases-empresa.jpg\" rel=\"lightbox[gases]\" title=\"Gases Refrigerantes\" class=\"cboxElement\"><img src=\"https:\/\/www.eoscamaras.com.br\/wp-content\/themes\/EOS\/img\/gases-empresa.jpg\"><\/a><\/li>\n<li><a href=\"https:\/\/www.eoscamaras.com.br\/wp-content\/themes\/EOS\/img\/gases-empresa1.jpg\" rel=\"lightbox[gases]\" title=\"Gases Refrigerantes\" class=\"cboxElement\"><img src=\"https:\/\/www.eoscamaras.com.br\/wp-content\/themes\/EOS\/img\/gases-empresa1.jpg\"><\/a><\/li>\n<li><a href=\"https:\/\/www.eoscamaras.com.br\/wp-content\/themes\/EOS\/img\/gases-empresa7.JPG\" rel=\"lightbox[gases]\" title=\"Gases Refrigerantes\" class=\"cboxElement\"><img src=\"https:\/\/www.eoscamaras.com.br\/wp-content\/themes\/EOS\/img\/gases-empresa7.JPG\"><\/a><\/li>\n<li><a href=\"https:\/\/www.eoscamaras.com.br\/wp-content\/themes\/EOS\/img\/gases-empresa3.jpg\" rel=\"lightbox[gases]\" title=\"Gases Refrigerantes\" class=\"cboxElement\"><img src=\"https:\/\/www.eoscamaras.com.br\/wp-content\/themes\/EOS\/img\/gases-empresa3.jpg\"><\/a><\/li>\n<li><a href=\"https:\/\/www.eoscamaras.com.br\/wp-content\/themes\/EOS\/img\/gases-empresa4.jpg\" rel=\"lightbox[gases]\" title=\"Gases Refrigerantes\" class=\"cboxElement\"><img src=\"https:\/\/www.eoscamaras.com.br\/wp-content\/themes\/EOS\/img\/gases-empresa4.jpg\"><\/a><\/li>\n<\/ul>\n<\/div>\n","protected":false},"excerpt":{"rendered":"<p>gases HFC e HCFC Criada no in\u00edcio dos anos 2000, a linha de Gases Refrigerantes EOS, oferece produtos de alta qualidade, excelente rendimento e pre\u00e7o acess\u00edvel ao mercado brasileiro de refrigera\u00e7\u00e3o e ar-condicionado. &nbsp; Os Gases EOS s\u00e3o importados e recebem criteriosa an\u00e1lise em nosso laborat\u00f3rio, conferindo-lhes certifica\u00e7\u00e3o de acordo com padr\u00f5es internacionais de controle <a class=\"read-more\" href=\"https:\/\/eos.com.br\/suaempresa\/gases-refrigerantes\/\">&#8230;read more<\/a><\/p>\n","protected":false},"author":1,"featured_media":0,"parent":0,"menu_order":0,"comment_status":"closed","ping_status":"open","template":"template-gases.php","meta":[],"_links":{"self":[{"href":"https:\/\/eos.com.br\/suaempresa\/wp-json\/wp\/v2\/pages\/30"}],"collection":[{"href":"https:\/\/eos.com.br\/suaempresa\/wp-json\/wp\/v2\/pages"}],"about":[{"href":"https:\/\/eos.com.br\/suaempresa\/wp-json\/wp\/v2\/types\/page"}],"author":[{"embeddable":true,"href":"https:\/\/eos.com.br\/suaempresa\/wp-json\/wp\/v2\/users\/1"}],"replies":[{"embeddable":true,"href":"https:\/\/eos.com.br\/suaempresa\/wp-json\/wp\/v2\/comments?post=30"}],"version-history":[{"count":0,"href":"https:\/\/eos.com.br\/suaempresa\/wp-json\/wp\/v2\/pages\/30\/revisions"}],"wp:attachment":[{"href":"https:\/\/eos.com.br\/suaempresa\/wp-json\/wp\/v2\/media?parent=30"}],"curies":[{"name":"wp","href":"https:\/\/api.w.org\/{rel}","templated":true}]}}