{"id":28,"date":"2015-08-12T13:48:21","date_gmt":"2015-08-12T13:48:21","guid":{"rendered":"https:\/\/eoscamaras.com.br\/?page_id=28"},"modified":"2018-01-22T10:08:03","modified_gmt":"2018-01-22T13:08:03","slug":"suportes","status":"publish","type":"page","link":"https:\/\/eos.com.br\/suaempresa\/suportes\/","title":{"rendered":"Suportes"},"content":{"rendered":"<div class=\"size2\">\n<h3>Suportes de ar-condicionado EOS: garantia de seguran\u00e7a para seu equipamento<\/h3>\n<p>&nbsp;<\/p>\n<p>Buscando a excel\u00eancia no atendimento aos clientes e a garantia de fornecimento de produtos de qualidade, a Frigelar inaugurou, em maio de 2015, a maior e mais moderna f\u00e1brica de suportes do Brasil: a EOS Suportes. Estruturada com equipamentos de \u00faltima gera\u00e7\u00e3o e localizada no Distrito Industrial de Cachoeirinha\/RS, a EOS Suportes conta com 50 colaboradores diretos, desempenhando as melhores pr\u00e1ticas fabris, que garantem um abastecimento pleno e sem rupturas ao mercado.<br \/>\n&nbsp;<br \/>\nEm seu portf\u00f3lio de produtos, est\u00e3o diversos modelos de suportes para condensadoras e evaporadoras, fabricados em diferentes materiais e acabamentos: a\u00e7o carbono com pintura eletrost\u00e1tica, a\u00e7o inox 304 e galvanizado a fogo. Todos estes modelos foram devidamente testados e aprovados por laborat\u00f3rio acreditado INMETRO, aliando certeza e garantia a estes acess\u00f3rios t\u00e3o importantes na sustenta\u00e7\u00e3o dos aparelhos tipo Split.<br \/>\n&nbsp;<br \/>\nAtenta e focada nas legisla\u00e7\u00f5es vigentes, a EOS Suportes possui seus equipamentos devidamente adequados \u00e0s normas de seguran\u00e7a.<\/p>\n<hr style=\"margin:30px 0\" \/>\n<div class=\"catalogos\">\n<h3>Cat\u00e1logos e Manuais:<\/h3>\n<div class=\"size1\"><a href=\"https:\/\/eos.com.br\/suaempresa\/wp-content\/uploads\/2016\/04\/suportes-flip\" target=\"_blank\"><br \/>\n<img src=\"https:\/\/eos.com.br\/suaempresa\/wp-content\/themes\/EOS\/img\/folder-suportes.png\" alt=\"\" \/><br \/>\nCat\u00e1logo de<br \/>\nSuportes EOS<br \/>\n<\/a><\/div>\n<\/div>\n<hr style=\"margin:30px 0\" \/>\n<div>\n<p style=\"font-size:17px;\">Tire suas d\u00favidas entrando em <a href=\"https:\/\/www.eos.com.br\/fale-conosco-suportes\/\" style=\"font-weight:bold\" >contato conosco.<\/a><\/p>\n<p>&nbsp;&nbsp;<\/p>\n<p style=\"font-size: 22px;color: #069ac0;\">Ind\u00fastria Suportes:<\/p>\n<p>Av. Cruzeiro, 301 &#8211; Distrito Industrial, Cachoeirinha \/ RS<br \/>\nFone (51)3533-6999 &#8211; CEP 94930-615 <\/p>\n<\/div>\n<\/div>\n<div class=\"size1 last right\">\n<ul>\n<li><iframe loading=\"lazy\" src=\"https:\/\/www.youtube.com\/embed\/EjgCu2CSb8Q\" width=\"100%\" height=\"213\" frameborder=\"0\" allowfullscreen=\"allowfullscreen\"><\/iframe><\/li>\n<li><a title=\"\" href=\"https:\/\/eos.com.br\/suaempresa\/wp-content\/themes\/EOS\/img\/suportes-empresa.jpg\" rel=\"lightbox[suportes]\"><img src=\"https:\/\/eos.com.br\/suaempresa\/wp-content\/themes\/EOS\/img\/suportes-empresa.jpg\" alt=\"\" \/><\/a><\/li>\n<li><a title=\"\" href=\"https:\/\/eos.com.br\/suaempresa\/wp-content\/themes\/EOS\/img\/suportes-empresa2.jpg\" rel=\"lightbox[suportes]\"><img src=\"https:\/\/eos.com.br\/suaempresa\/wp-content\/themes\/EOS\/img\/suportes-empresa2.jpg\" alt=\"\" \/><\/a><\/li>\n<li><a title=\"\" href=\"https:\/\/eos.com.br\/suaempresa\/wp-content\/themes\/EOS\/img\/suportes-empresa3.jpg\" rel=\"lightbox[suportes]\"><img src=\"https:\/\/eos.com.br\/suaempresa\/wp-content\/themes\/EOS\/img\/suportes-empresa3.jpg\" alt=\"\" \/><\/a><\/li>\n<\/ul>\n<\/div>\n","protected":false},"excerpt":{"rendered":"<p>Suportes de ar-condicionado EOS: garantia de seguran\u00e7a para seu equipamento &nbsp; Buscando a excel\u00eancia no atendimento aos clientes e a garantia de fornecimento de produtos de qualidade, a Frigelar inaugurou, em maio de 2015, a maior e mais moderna f\u00e1brica de suportes do Brasil: a EOS Suportes. Estruturada com equipamentos de \u00faltima gera\u00e7\u00e3o e localizada <a class=\"read-more\" href=\"https:\/\/eos.com.br\/suaempresa\/suportes\/\">&#8230;read more<\/a><\/p>\n","protected":false},"author":1,"featured_media":0,"parent":0,"menu_order":0,"comment_status":"closed","ping_status":"open","template":"template-suportes.php","meta":[],"_links":{"self":[{"href":"https:\/\/eos.com.br\/suaempresa\/wp-json\/wp\/v2\/pages\/28"}],"collection":[{"href":"https:\/\/eos.com.br\/suaempresa\/wp-json\/wp\/v2\/pages"}],"about":[{"href":"https:\/\/eos.com.br\/suaempresa\/wp-json\/wp\/v2\/types\/page"}],"author":[{"embeddable":true,"href":"https:\/\/eos.com.br\/suaempresa\/wp-json\/wp\/v2\/users\/1"}],"replies":[{"embeddable":true,"href":"https:\/\/eos.com.br\/suaempresa\/wp-json\/wp\/v2\/comments?post=28"}],"version-history":[{"count":0,"href":"https:\/\/eos.com.br\/suaempresa\/wp-json\/wp\/v2\/pages\/28\/revisions"}],"wp:attachment":[{"href":"https:\/\/eos.com.br\/suaempresa\/wp-json\/wp\/v2\/media?parent=28"}],"curies":[{"name":"wp","href":"https:\/\/api.w.org\/{rel}","templated":true}]}}