{"id":25,"date":"2015-08-11T21:11:33","date_gmt":"2015-08-11T21:11:33","guid":{"rendered":"https:\/\/eoscamaras.com.br\/?page_id=25"},"modified":"2017-03-07T09:35:39","modified_gmt":"2017-03-07T12:35:39","slug":"ferramentas","status":"publish","type":"page","link":"https:\/\/eos.com.br\/suaempresa\/ferramentas\/","title":{"rendered":"Ferramentas"},"content":{"rendered":"<div class=\"size2\">\n<h3>Ferramentas EOS: tecnologia e confian\u00e7a para trabalhos profissionais<\/h3>\n<p>A linha de ferramentas importadas EOS, foi criada em 2005, com o objetivo de auxiliar e facilitar os trabalhos realizados nos segmentos da refrigera\u00e7\u00e3o e ar-condicionado. Desde ent\u00e3o, as ferramentas EOS conquistam espa\u00e7o e est\u00e3o cada vez mais presentes no dia-a-dia dos profissionais, com seu perfil moderno e pre\u00e7o acess\u00edvel.<br \/>\n&nbsp;<br \/>\nEm constante crescimento, a linha EOS oferece mais de mil produtos, sempre com foco em utilidade, tecnologia e inova\u00e7\u00e3o \u2014 e em constante atualiza\u00e7\u00e3o com as tend\u00eancias internacionais.\n<\/p>\n<hr \/>\n<p style=\"font-size:17px;\">Para saber onde comprar as Ferramentas <a style=\"font-weight:bold\" class=\"\" href=\"onde-comprar\">clique aqui <\/a>, ou entre em <a href=\"https:\/\/www.eos.com.br\/fale-conosco-ferramentas\/\" style=\"font-weight:bold\" >contato conosco.<\/a><\/p>\n<\/div>\n<div class=\"size1 last right\">\n<ul>\n<li>\n<div style=\"margin-top:25px;\"><iframe loading=\"lazy\" src=\"https:\/\/www.youtube.com\/embed\/5ckaDIMBSJo\" width=\"440\" height=\"213\" frameborder=\"0\" allowfullscreen=\"allowfullscreen\"><\/iframe>\n<\/li>\n<li>\n<div style=\"margin-top:25px;\"><iframe loading=\"lazy\" src=\"https:\/\/www.youtube.com\/embed\/Qw3k3Lgadv8\" width=\"440\" height=\"213\" frameborder=\"0\" allowfullscreen=\"allowfullscreen\"><\/iframe>\n<\/li>\n<\/ul>\n<\/div>\n<\/div>\n","protected":false},"excerpt":{"rendered":"<p>Ferramentas EOS: tecnologia e confian\u00e7a para trabalhos profissionais A linha de ferramentas importadas EOS, foi criada em 2005, com o objetivo de auxiliar e facilitar os trabalhos realizados nos segmentos da refrigera\u00e7\u00e3o e ar-condicionado. Desde ent\u00e3o, as ferramentas EOS conquistam espa\u00e7o e est\u00e3o cada vez mais presentes no dia-a-dia dos profissionais, com seu perfil moderno <a class=\"read-more\" href=\"https:\/\/eos.com.br\/suaempresa\/ferramentas\/\">&#8230;read more<\/a><\/p>\n","protected":false},"author":1,"featured_media":0,"parent":0,"menu_order":0,"comment_status":"closed","ping_status":"open","template":"template-ferramentas.php","meta":[],"_links":{"self":[{"href":"https:\/\/eos.com.br\/suaempresa\/wp-json\/wp\/v2\/pages\/25"}],"collection":[{"href":"https:\/\/eos.com.br\/suaempresa\/wp-json\/wp\/v2\/pages"}],"about":[{"href":"https:\/\/eos.com.br\/suaempresa\/wp-json\/wp\/v2\/types\/page"}],"author":[{"embeddable":true,"href":"https:\/\/eos.com.br\/suaempresa\/wp-json\/wp\/v2\/users\/1"}],"replies":[{"embeddable":true,"href":"https:\/\/eos.com.br\/suaempresa\/wp-json\/wp\/v2\/comments?post=25"}],"version-history":[{"count":0,"href":"https:\/\/eos.com.br\/suaempresa\/wp-json\/wp\/v2\/pages\/25\/revisions"}],"wp:attachment":[{"href":"https:\/\/eos.com.br\/suaempresa\/wp-json\/wp\/v2\/media?parent=25"}],"curies":[{"name":"wp","href":"https:\/\/api.w.org\/{rel}","templated":true}]}}