{"id":10,"date":"2015-08-10T16:55:22","date_gmt":"2015-08-10T16:55:22","guid":{"rendered":"https:\/\/eoscamaras.com.br\/?page_id=10"},"modified":"2016-10-26T17:23:15","modified_gmt":"2016-10-26T20:23:15","slug":"empresa","status":"publish","type":"page","link":"https:\/\/eos.com.br\/suaempresa\/empresa\/","title":{"rendered":"Empresa"},"content":{"rendered":"<div class=\"size2\">\n<big>Com a abertura das importa\u00e7\u00f5es internacionais no in\u00edcio dos anos 2000, o mercado brasileiro recebeu uma infinidade de produtos relacionados \u00e0 refrigera\u00e7\u00e3o, no entanto, estes n\u00e3o supriam a demanda por pe\u00e7as que garantissem seguran\u00e7a e alta qualidade. Diante deste cen\u00e1rio, e atenta \u00e0s necessidades de seus clientes, a Frigelar lan\u00e7ou a linha EOS \u2014 uma gama de produtos com marca pr\u00f3pria, aliando inova\u00e7\u00e3o \u00e0 tradi\u00e7\u00e3o da marca. A excelente recep\u00e7\u00e3o e continuada aceita\u00e7\u00e3o dos refrigeristas, vem fazendo a EOS crescer, e hoje, s\u00e3o mais de 1000 produtos que incluem ferramentas, gases refrigerantes, a ind\u00fastria de pain\u00e9is isolantes e a ind\u00fastria de suportes de ar-condicionado.<\/big><\/p>\n<\/div>\n<div class=\"size1 last\">\n<ul>\n<li>\n<iframe loading=\"lazy\" src=\"https:\/\/player.vimeo.com\/video\/79774433\" width=\"100%\" height=\"210\" frameborder=\"0\" webkitallowfullscreen mozallowfullscreen allowfullscreen><\/iframe><\/p>\n<\/li>\n<li><a href=\"https:\/\/eos.com.br\/suaempresa\/wp-content\/themes\/EOS\/img\/eos-industria1.jpg\" rel=\"lightbox[petiskeira]\" title=\"Petiskeira\"><img src=\"https:\/\/eos.com.br\/suaempresa\/wp-content\/themes\/EOS\/img\/eos-industria1.jpg\" \/><\/a><\/li>\n<li><a href=\"https:\/\/eos.com.br\/suaempresa\/wp-content\/themes\/EOS\/img\/eos-industria2.jpg\" rel=\"lightbox[petiskeira]\" title=\"Petiskeira\"><img src=\"https:\/\/eos.com.br\/suaempresa\/wp-content\/themes\/EOS\/img\/eos-industria2.jpg\" \/><\/a><\/li>\n<li><a href=\"https:\/\/eos.com.br\/suaempresa\/wp-content\/themes\/EOS\/img\/eos-industria3.jpg\" rel=\"lightbox[petiskeira]\" title=\"Petiskeira\"><img src=\"https:\/\/eos.com.br\/suaempresa\/wp-content\/themes\/EOS\/img\/eos-industria3.jpg\" \/><\/a><\/li>\n<li><a href=\"https:\/\/eos.com.br\/suaempresa\/wp-content\/themes\/EOS\/img\/eos-industria4.jpg\" rel=\"lightbox[petiskeira]\" title=\"Petiskeira\"><img src=\"https:\/\/eos.com.br\/suaempresa\/wp-content\/themes\/EOS\/img\/eos-industria4.jpg\" \/><\/a><\/li>\n<\/ul>\n<\/div>\n","protected":false},"excerpt":{"rendered":"<p>Com a abertura das importa\u00e7\u00f5es internacionais no in\u00edcio dos anos 2000, o mercado brasileiro recebeu uma infinidade de produtos relacionados \u00e0 refrigera\u00e7\u00e3o, no entanto, estes n\u00e3o supriam a demanda por pe\u00e7as que garantissem seguran\u00e7a e alta qualidade. Diante deste cen\u00e1rio, e atenta \u00e0s necessidades de seus clientes, a Frigelar lan\u00e7ou a linha EOS \u2014 uma <a class=\"read-more\" href=\"https:\/\/eos.com.br\/suaempresa\/empresa\/\">&#8230;read more<\/a><\/p>\n","protected":false},"author":1,"featured_media":0,"parent":0,"menu_order":0,"comment_status":"closed","ping_status":"closed","template":"","meta":[],"_links":{"self":[{"href":"https:\/\/eos.com.br\/suaempresa\/wp-json\/wp\/v2\/pages\/10"}],"collection":[{"href":"https:\/\/eos.com.br\/suaempresa\/wp-json\/wp\/v2\/pages"}],"about":[{"href":"https:\/\/eos.com.br\/suaempresa\/wp-json\/wp\/v2\/types\/page"}],"author":[{"embeddable":true,"href":"https:\/\/eos.com.br\/suaempresa\/wp-json\/wp\/v2\/users\/1"}],"replies":[{"embeddable":true,"href":"https:\/\/eos.com.br\/suaempresa\/wp-json\/wp\/v2\/comments?post=10"}],"version-history":[{"count":0,"href":"https:\/\/eos.com.br\/suaempresa\/wp-json\/wp\/v2\/pages\/10\/revisions"}],"wp:attachment":[{"href":"https:\/\/eos.com.br\/suaempresa\/wp-json\/wp\/v2\/media?parent=10"}],"curies":[{"name":"wp","href":"https:\/\/api.w.org\/{rel}","templated":true}]}}